{"id":10556,"date":"2025-01-23T21:52:01","date_gmt":"2025-01-24T01:52:01","guid":{"rendered":"https:\/\/borikenbotanicals.com\/?post_type=product&#038;p=10556"},"modified":"2025-11-10T23:51:14","modified_gmt":"2025-11-11T03:51:14","slug":"aswaghanda-root","status":"publish","type":"product","link":"https:\/\/borikenbotanicals.com\/en\/product\/aswaghanda-root\/","title":{"rendered":"Aswaghanda Root"},"content":{"rendered":"<p>Su nombre bot\u00e1nico: <strong><em>Withania somnifera<\/em><\/strong>. Originaria de Asia y Africa.<\/p>\n<p>Beneficios:<\/p>\n<ul>\n<li>Reducci\u00f3n del estr\u00e9s y la ansiedad<\/li>\n<li>Mejora de rendimiento deportivo<\/li>\n<li>Mejora el sue\u00f1o<\/li>\n<li>Tiene propiedades antiinflamatoria y antioxidante<\/li>\n<\/ul>\n<p>No solo se toma como una infusi\u00f3n tambi\u00e9n se puede pulverizar para tomarla en c\u00e1psulas, tabletas o gommies.<\/p>","protected":false},"excerpt":{"rendered":"<p>Nombre bot\u00e1nico: <strong><em>Withania somnifera<\/em><\/strong><\/p>\n<p>La ra\u00edz de Ashwagandha\u00a0 acompa\u00f1adoa por otras hierbas y preparado como t\u00e9 herbal para dormir mejor no tiene precio!<\/p>","protected":false},"featured_media":10502,"comment_status":"open","ping_status":"closed","template":"","meta":{"site-sidebar-layout":"default","site-content-layout":"","ast-site-content-layout":"default","site-content-style":"default","site-sidebar-style":"default","ast-global-header-display":"","ast-banner-title-visibility":"","ast-main-header-display":"","ast-hfb-above-header-display":"","ast-hfb-below-header-display":"","ast-hfb-mobile-header-display":"","site-post-title":"","ast-breadcrumbs-content":"","ast-featured-img":"","footer-sml-layout":"","ast-disable-related-posts":"","theme-transparent-header-meta":"default","adv-header-id-meta":"","stick-header-meta":"default","header-above-stick-meta":"","header-main-stick-meta":"","header-below-stick-meta":"","astra-migrate-meta-layouts":"set","ast-page-background-enabled":"default","ast-page-background-meta":{"desktop":{"background-color":"var(--ast-global-color-4)","background-image":"","background-repeat":"repeat","background-position":"center center","background-size":"auto","background-attachment":"scroll","background-type":"","background-media":"","overlay-type":"","overlay-color":"","overlay-opacity":"","overlay-gradient":""},"tablet":{"background-color":"","background-image":"","background-repeat":"repeat","background-position":"center center","background-size":"auto","background-attachment":"scroll","background-type":"","background-media":"","overlay-type":"","overlay-color":"","overlay-opacity":"","overlay-gradient":""},"mobile":{"background-color":"","background-image":"","background-repeat":"repeat","background-position":"center center","background-size":"auto","background-attachment":"scroll","background-type":"","background-media":"","overlay-type":"","overlay-color":"","overlay-opacity":"","overlay-gradient":""}},"ast-content-background-meta":{"desktop":{"background-color":"var(--ast-global-color-5)","background-image":"","background-repeat":"repeat","background-position":"center center","background-size":"auto","background-attachment":"scroll","background-type":"","background-media":"","overlay-type":"","overlay-color":"","overlay-opacity":"","overlay-gradient":""},"tablet":{"background-color":"var(--ast-global-color-5)","background-image":"","background-repeat":"repeat","background-position":"center center","background-size":"auto","background-attachment":"scroll","background-type":"","background-media":"","overlay-type":"","overlay-color":"","overlay-opacity":"","overlay-gradient":""},"mobile":{"background-color":"var(--ast-global-color-5)","background-image":"","background-repeat":"repeat","background-position":"center center","background-size":"auto","background-attachment":"scroll","background-type":"","background-media":"","overlay-type":"","overlay-color":"","overlay-opacity":"","overlay-gradient":""}}},"product_brand":[],"product_cat":[406,305],"product_tag":[498,496,497],"class_list":{"0":"post-10556","1":"product","2":"type-product","3":"status-publish","4":"has-post-thumbnail","6":"product_cat-all-products","7":"product_cat-loose-leaf","8":"product_tag-ashwagandha-adaptogen","9":"product_tag-ashwagandha-root","10":"product_tag-ashwagandha-tea","11":"desktop-align-left","12":"tablet-align-left","13":"mobile-align-left","14":"ast-product-gallery-layout-horizontal-slider","15":"ast-product-single-variable","16":"ast-product-tabs-layout-horizontal","17":"ast-qv-on-image","19":"first","20":"instock","21":"taxable","22":"shipping-taxable","23":"purchasable","24":"product-type-variable"},"yoast_head":"<!-- This site is optimized with the Yoast SEO plugin v27.3 - https:\/\/yoast.com\/product\/yoast-seo-wordpress\/ -->\n<title>Aswaghanda Root - Boriken Botanicals<\/title>\n<meta name=\"description\" content=\"Una ra\u00edz poderosa para reducir el estr\u00e9s la ansiedad, reducir el estr\u00e9s y mejorar el sue\u00f1o. Se puede pulverizar la ra\u00edz seca para ser encapsulada.\" \/>\n<meta name=\"robots\" content=\"index, follow, max-snippet:-1, max-image-preview:large, max-video-preview:-1\" \/>\n<link rel=\"canonical\" href=\"https:\/\/borikenbotanicals.com\/en\/product\/aswaghanda-root\/\" \/>\n<meta property=\"og:locale\" content=\"en_US\" \/>\n<meta property=\"og:type\" content=\"article\" \/>\n<meta property=\"og:title\" content=\"Aswaghanda Root - Boriken Botanicals\" \/>\n<meta property=\"og:description\" content=\"Una ra\u00edz poderosa para reducir el estr\u00e9s la ansiedad, reducir el estr\u00e9s y mejorar el sue\u00f1o. Se puede pulverizar la ra\u00edz seca para ser encapsulada.\" \/>\n<meta property=\"og:url\" content=\"https:\/\/borikenbotanicals.com\/en\/product\/aswaghanda-root\/\" \/>\n<meta property=\"og:site_name\" content=\"Boriken Botanicals\" \/>\n<meta property=\"article:publisher\" content=\"https:\/\/www.facebook.com\/borikenbotanicals\/\" \/>\n<meta property=\"article:modified_time\" content=\"2025-11-11T03:51:14+00:00\" \/>\n<meta property=\"og:image\" content=\"https:\/\/mlbfgsrsny4k.i.optimole.com\/cb:joen.78d\/w:1000\/h:1000\/q:mauto\/f:best\/https:\/\/borikenbotanicals.com\/wp-content\/uploads\/2025\/01\/IMG_3549-Ashwaganda.jpg\" \/>\n\t<meta property=\"og:image:width\" content=\"1000\" \/>\n\t<meta property=\"og:image:height\" content=\"1000\" \/>\n\t<meta property=\"og:image:type\" content=\"image\/jpeg\" \/>\n<meta name=\"twitter:card\" content=\"summary_large_image\" \/>\n<meta name=\"twitter:label1\" content=\"Est. reading time\" \/>\n\t<meta name=\"twitter:data1\" content=\"1 minute\" \/>\n<script type=\"application\/ld+json\" class=\"yoast-schema-graph\">{\"@context\":\"https:\\\/\\\/schema.org\",\"@graph\":[{\"@type\":\"WebPage\",\"@id\":\"https:\\\/\\\/borikenbotanicals.com\\\/product\\\/aswaghanda-root\\\/\",\"url\":\"https:\\\/\\\/borikenbotanicals.com\\\/product\\\/aswaghanda-root\\\/\",\"name\":\"Aswaghanda Root - Boriken Botanicals\",\"isPartOf\":{\"@id\":\"https:\\\/\\\/borikenbotanicals.com\\\/#website\"},\"primaryImageOfPage\":{\"@id\":\"https:\\\/\\\/borikenbotanicals.com\\\/product\\\/aswaghanda-root\\\/#primaryimage\"},\"image\":{\"@id\":\"https:\\\/\\\/borikenbotanicals.com\\\/product\\\/aswaghanda-root\\\/#primaryimage\"},\"thumbnailUrl\":\"https:\\/\\/borikenbotanicals.com\\/wp-content\\/uploads\\/2025\\/01\\/IMG_3549-Ashwaganda.jpg\",\"datePublished\":\"2025-01-24T01:52:01+00:00\",\"dateModified\":\"2025-11-11T03:51:14+00:00\",\"description\":\"Una ra\u00edz poderosa para reducir el estr\u00e9s la ansiedad, reducir el estr\u00e9s y mejorar el sue\u00f1o. Se puede pulverizar la ra\u00edz seca para ser encapsulada.\",\"breadcrumb\":{\"@id\":\"https:\\\/\\\/borikenbotanicals.com\\\/product\\\/aswaghanda-root\\\/#breadcrumb\"},\"inLanguage\":\"en-US\",\"potentialAction\":[{\"@type\":\"ReadAction\",\"target\":[\"https:\\\/\\\/borikenbotanicals.com\\\/product\\\/aswaghanda-root\\\/\"]}]},{\"@type\":\"ImageObject\",\"inLanguage\":\"en-US\",\"@id\":\"https:\\\/\\\/borikenbotanicals.com\\\/product\\\/aswaghanda-root\\\/#primaryimage\",\"url\":\"https:\\/\\/borikenbotanicals.com\\/wp-content\\/uploads\\/2025\\/01\\/IMG_3549-Ashwaganda.jpg\",\"contentUrl\":\"https:\\/\\/borikenbotanicals.com\\/wp-content\\/uploads\\/2025\\/01\\/IMG_3549-Ashwaganda.jpg\",\"width\":1000,\"height\":1000},{\"@type\":\"BreadcrumbList\",\"@id\":\"https:\\\/\\\/borikenbotanicals.com\\\/product\\\/aswaghanda-root\\\/#breadcrumb\",\"itemListElement\":[{\"@type\":\"ListItem\",\"position\":1,\"name\":\"Home\",\"item\":\"https:\\\/\\\/borikenbotanicals.com\\\/\"},{\"@type\":\"ListItem\",\"position\":2,\"name\":\"Shop\",\"item\":\"https:\\\/\\\/borikenbotanicals.com\\\/shop-2\\\/\"},{\"@type\":\"ListItem\",\"position\":3,\"name\":\"Aswaghanda Root\"}]},{\"@type\":\"WebSite\",\"@id\":\"https:\\\/\\\/borikenbotanicals.com\\\/#website\",\"url\":\"https:\\\/\\\/borikenbotanicals.com\\\/\",\"name\":\"Boriken Botanicals\",\"description\":\"\",\"publisher\":{\"@id\":\"https:\\\/\\\/borikenbotanicals.com\\\/#organization\"},\"potentialAction\":[{\"@type\":\"SearchAction\",\"target\":{\"@type\":\"EntryPoint\",\"urlTemplate\":\"https:\\\/\\\/borikenbotanicals.com\\\/?s={search_term_string}\"},\"query-input\":{\"@type\":\"PropertyValueSpecification\",\"valueRequired\":true,\"valueName\":\"search_term_string\"}}],\"inLanguage\":\"en-US\"},{\"@type\":\"Organization\",\"@id\":\"https:\\\/\\\/borikenbotanicals.com\\\/#organization\",\"name\":\"Boriken Botanicals\",\"url\":\"https:\\\/\\\/borikenbotanicals.com\\\/\",\"logo\":{\"@type\":\"ImageObject\",\"inLanguage\":\"en-US\",\"@id\":\"https:\\\/\\\/borikenbotanicals.com\\\/#\\\/schema\\\/logo\\\/image\\\/\",\"url\":\"https:\\/\\/borikenbotanicals.com\\/wp-content\\/uploads\\/2025\\/02\\/Boriken_Botanicals_Logo_Web-900-x-599.png\",\"contentUrl\":\"https:\\/\\/borikenbotanicals.com\\/wp-content\\/uploads\\/2025\\/02\\/Boriken_Botanicals_Logo_Web-900-x-599.png\",\"width\":900,\"height\":559,\"caption\":\"Boriken Botanicals\"},\"image\":{\"@id\":\"https:\\\/\\\/borikenbotanicals.com\\\/#\\\/schema\\\/logo\\\/image\\\/\"},\"sameAs\":[\"https:\\\/\\\/www.facebook.com\\\/borikenbotanicals\\\/\"]}]}<\/script>\n<!-- \/ Yoast SEO plugin. -->","yoast_head_json":{"title":"Aswaghanda Root - Boriken Botanicals","description":"Una ra\u00edz poderosa para reducir el estr\u00e9s la ansiedad, reducir el estr\u00e9s y mejorar el sue\u00f1o. Se puede pulverizar la ra\u00edz seca para ser encapsulada.","robots":{"index":"index","follow":"follow","max-snippet":"max-snippet:-1","max-image-preview":"max-image-preview:large","max-video-preview":"max-video-preview:-1"},"canonical":"https:\/\/borikenbotanicals.com\/en\/product\/aswaghanda-root\/","og_locale":"en_US","og_type":"article","og_title":"Aswaghanda Root - Boriken Botanicals","og_description":"Una ra\u00edz poderosa para reducir el estr\u00e9s la ansiedad, reducir el estr\u00e9s y mejorar el sue\u00f1o. Se puede pulverizar la ra\u00edz seca para ser encapsulada.","og_url":"https:\/\/borikenbotanicals.com\/en\/product\/aswaghanda-root\/","og_site_name":"Boriken Botanicals","article_publisher":"https:\/\/www.facebook.com\/borikenbotanicals\/","article_modified_time":"2025-11-11T03:51:14+00:00","og_image":[{"width":1000,"height":1000,"url":"https:\/\/mlbfgsrsny4k.i.optimole.com\/cb:joen.78d\/w:1000\/h:1000\/q:mauto\/f:best\/https:\/\/borikenbotanicals.com\/wp-content\/uploads\/2025\/01\/IMG_3549-Ashwaganda.jpg","type":"image\/jpeg"}],"twitter_card":"summary_large_image","twitter_misc":{"Est. reading time":"1 minute"},"schema":{"@context":"https:\/\/schema.org","@graph":[{"@type":"WebPage","@id":"https:\/\/borikenbotanicals.com\/product\/aswaghanda-root\/","url":"https:\/\/borikenbotanicals.com\/product\/aswaghanda-root\/","name":"Aswaghanda Root - Boriken Botanicals","isPartOf":{"@id":"https:\/\/borikenbotanicals.com\/#website"},"primaryImageOfPage":{"@id":"https:\/\/borikenbotanicals.com\/product\/aswaghanda-root\/#primaryimage"},"image":{"@id":"https:\/\/borikenbotanicals.com\/product\/aswaghanda-root\/#primaryimage"},"thumbnailUrl":"https:\/\/mlbfgsrsny4k.i.optimole.com\/cb:joen.78d\/w:auto\/h:auto\/q:mauto\/f:best\/https:\/\/borikenbotanicals.com\/wp-content\/uploads\/2025\/01\/IMG_3549-Ashwaganda.jpg","datePublished":"2025-01-24T01:52:01+00:00","dateModified":"2025-11-11T03:51:14+00:00","description":"Una ra\u00edz poderosa para reducir el estr\u00e9s la ansiedad, reducir el estr\u00e9s y mejorar el sue\u00f1o. Se puede pulverizar la ra\u00edz seca para ser encapsulada.","breadcrumb":{"@id":"https:\/\/borikenbotanicals.com\/product\/aswaghanda-root\/#breadcrumb"},"inLanguage":"en-US","potentialAction":[{"@type":"ReadAction","target":["https:\/\/borikenbotanicals.com\/product\/aswaghanda-root\/"]}]},{"@type":"ImageObject","inLanguage":"en-US","@id":"https:\/\/borikenbotanicals.com\/product\/aswaghanda-root\/#primaryimage","url":"https:\/\/mlbfgsrsny4k.i.optimole.com\/cb:joen.78d\/w:auto\/h:auto\/q:mauto\/f:best\/https:\/\/borikenbotanicals.com\/wp-content\/uploads\/2025\/01\/IMG_3549-Ashwaganda.jpg","contentUrl":"https:\/\/mlbfgsrsny4k.i.optimole.com\/cb:joen.78d\/w:auto\/h:auto\/q:mauto\/f:best\/https:\/\/borikenbotanicals.com\/wp-content\/uploads\/2025\/01\/IMG_3549-Ashwaganda.jpg","width":1000,"height":1000},{"@type":"BreadcrumbList","@id":"https:\/\/borikenbotanicals.com\/product\/aswaghanda-root\/#breadcrumb","itemListElement":[{"@type":"ListItem","position":1,"name":"Home","item":"https:\/\/borikenbotanicals.com\/"},{"@type":"ListItem","position":2,"name":"Shop","item":"https:\/\/borikenbotanicals.com\/shop-2\/"},{"@type":"ListItem","position":3,"name":"Aswaghanda Root"}]},{"@type":"WebSite","@id":"https:\/\/borikenbotanicals.com\/#website","url":"https:\/\/borikenbotanicals.com\/","name":"Boriken Botanicals","description":"","publisher":{"@id":"https:\/\/borikenbotanicals.com\/#organization"},"potentialAction":[{"@type":"SearchAction","target":{"@type":"EntryPoint","urlTemplate":"https:\/\/borikenbotanicals.com\/?s={search_term_string}"},"query-input":{"@type":"PropertyValueSpecification","valueRequired":true,"valueName":"search_term_string"}}],"inLanguage":"en-US"},{"@type":"Organization","@id":"https:\/\/borikenbotanicals.com\/#organization","name":"Boriken Botanicals","url":"https:\/\/borikenbotanicals.com\/","logo":{"@type":"ImageObject","inLanguage":"en-US","@id":"https:\/\/borikenbotanicals.com\/#\/schema\/logo\/image\/","url":"https:\/\/mlbfgsrsny4k.i.optimole.com\/cb:joen.78d\/w:auto\/h:auto\/q:mauto\/f:best\/https:\/\/borikenbotanicals.com\/wp-content\/uploads\/2025\/02\/Boriken_Botanicals_Logo_Web-900-x-599.png","contentUrl":"https:\/\/mlbfgsrsny4k.i.optimole.com\/cb:joen.78d\/w:auto\/h:auto\/q:mauto\/f:best\/https:\/\/borikenbotanicals.com\/wp-content\/uploads\/2025\/02\/Boriken_Botanicals_Logo_Web-900-x-599.png","width":900,"height":559,"caption":"Boriken Botanicals"},"image":{"@id":"https:\/\/borikenbotanicals.com\/#\/schema\/logo\/image\/"},"sameAs":["https:\/\/www.facebook.com\/borikenbotanicals\/"]}]}},"jetpack_sharing_enabled":true,"_links":{"self":[{"href":"https:\/\/borikenbotanicals.com\/en\/wp-json\/wp\/v2\/product\/10556","targetHints":{"allow":["GET"]}}],"collection":[{"href":"https:\/\/borikenbotanicals.com\/en\/wp-json\/wp\/v2\/product"}],"about":[{"href":"https:\/\/borikenbotanicals.com\/en\/wp-json\/wp\/v2\/types\/product"}],"replies":[{"embeddable":true,"href":"https:\/\/borikenbotanicals.com\/en\/wp-json\/wp\/v2\/comments?post=10556"}],"version-history":[{"count":1,"href":"https:\/\/borikenbotanicals.com\/en\/wp-json\/wp\/v2\/product\/10556\/revisions"}],"predecessor-version":[{"id":10733,"href":"https:\/\/borikenbotanicals.com\/en\/wp-json\/wp\/v2\/product\/10556\/revisions\/10733"}],"wp:featuredmedia":[{"embeddable":true,"href":"https:\/\/borikenbotanicals.com\/en\/wp-json\/wp\/v2\/media\/10502"}],"wp:attachment":[{"href":"https:\/\/borikenbotanicals.com\/en\/wp-json\/wp\/v2\/media?parent=10556"}],"wp:term":[{"taxonomy":"product_brand","embeddable":true,"href":"https:\/\/borikenbotanicals.com\/en\/wp-json\/wp\/v2\/product_brand?post=10556"},{"taxonomy":"product_cat","embeddable":true,"href":"https:\/\/borikenbotanicals.com\/en\/wp-json\/wp\/v2\/product_cat?post=10556"},{"taxonomy":"product_tag","embeddable":true,"href":"https:\/\/borikenbotanicals.com\/en\/wp-json\/wp\/v2\/product_tag?post=10556"}],"curies":[{"name":"wp","href":"https:\/\/api.w.org\/{rel}","templated":true}]}}